{"id":2500,"date":"2022-08-29T08:55:43","date_gmt":"2022-08-29T08:55:43","guid":{"rendered":"https:\/\/www.defensordelpueblo.es\/ca\/?page_id=2500"},"modified":"2023-10-27T12:14:23","modified_gmt":"2023-10-27T12:14:23","slug":"formulari-atencion-victimas","status":"publish","type":"page","link":"https:\/\/www.defensordelpueblo.es\/ca\/formulari-atencion-victimas\/","title":{"rendered":"Formulari de contacte per a l&#8217;atenci\u00f3 a les v\u00edctimes d&#8217;abusos sexuals a l&#8217;\u00e0mbit de l&#8217;Esgl\u00e9sia cat\u00f2lica"},"content":{"rendered":"","protected":false},"excerpt":{"rendered":"","protected":false},"author":1,"featured_media":2864,"parent":0,"menu_order":0,"comment_status":"closed","ping_status":"closed","template":"template-generico-new.php","meta":{"_acf_changed":false,"_monsterinsights_skip_tracking":false,"_monsterinsights_sitenote_active":false,"_monsterinsights_sitenote_note":"","_monsterinsights_sitenote_category":0},"class_list":["post-2500","page","type-page","status-publish","has-post-thumbnail","hentry"],"acf":[],"_links":{"self":[{"href":"https:\/\/www.defensordelpueblo.es\/ca\/wp-json\/wp\/v2\/pages\/2500"}],"collection":[{"href":"https:\/\/www.defensordelpueblo.es\/ca\/wp-json\/wp\/v2\/pages"}],"about":[{"href":"https:\/\/www.defensordelpueblo.es\/ca\/wp-json\/wp\/v2\/types\/page"}],"author":[{"embeddable":true,"href":"https:\/\/www.defensordelpueblo.es\/ca\/wp-json\/wp\/v2\/users\/1"}],"replies":[{"embeddable":true,"href":"https:\/\/www.defensordelpueblo.es\/ca\/wp-json\/wp\/v2\/comments?post=2500"}],"version-history":[{"count":10,"href":"https:\/\/www.defensordelpueblo.es\/ca\/wp-json\/wp\/v2\/pages\/2500\/revisions"}],"predecessor-version":[{"id":2757,"href":"https:\/\/www.defensordelpueblo.es\/ca\/wp-json\/wp\/v2\/pages\/2500\/revisions\/2757"}],"wp:featuredmedia":[{"embeddable":true,"href":"https:\/\/www.defensordelpueblo.es\/ca\/wp-json\/wp\/v2\/media\/2864"}],"wp:attachment":[{"href":"https:\/\/www.defensordelpueblo.es\/ca\/wp-json\/wp\/v2\/media?parent=2500"}],"curies":[{"name":"wp","href":"https:\/\/api.w.org\/{rel}","templated":true}]}}