{"id":2124,"date":"2022-09-02T11:58:55","date_gmt":"2022-09-02T11:58:55","guid":{"rendered":"https:\/\/www.defensordelpueblo.es\/gl\/?page_id=2124"},"modified":"2023-10-31T13:04:41","modified_gmt":"2023-10-31T13:04:41","slug":"mapa-web-atencion-victimas","status":"publish","type":"page","link":"https:\/\/www.defensordelpueblo.es\/gl\/mapa-web-atencion-victimas\/","title":{"rendered":"Mapa do portal atenci\u00f3n \u00e1s v\u00edtimas"},"content":{"rendered":"","protected":false},"excerpt":{"rendered":"","protected":false},"author":92,"featured_media":2006,"parent":0,"menu_order":0,"comment_status":"closed","ping_status":"closed","template":"template-generico-new.php","meta":{"_acf_changed":false,"_monsterinsights_skip_tracking":false,"_monsterinsights_sitenote_active":false,"_monsterinsights_sitenote_note":"","_monsterinsights_sitenote_category":0},"class_list":["post-2124","page","type-page","status-publish","has-post-thumbnail","hentry"],"acf":[],"_links":{"self":[{"href":"https:\/\/www.defensordelpueblo.es\/gl\/wp-json\/wp\/v2\/pages\/2124","targetHints":{"allow":["GET"]}}],"collection":[{"href":"https:\/\/www.defensordelpueblo.es\/gl\/wp-json\/wp\/v2\/pages"}],"about":[{"href":"https:\/\/www.defensordelpueblo.es\/gl\/wp-json\/wp\/v2\/types\/page"}],"author":[{"embeddable":true,"href":"https:\/\/www.defensordelpueblo.es\/gl\/wp-json\/wp\/v2\/users\/92"}],"replies":[{"embeddable":true,"href":"https:\/\/www.defensordelpueblo.es\/gl\/wp-json\/wp\/v2\/comments?post=2124"}],"version-history":[{"count":5,"href":"https:\/\/www.defensordelpueblo.es\/gl\/wp-json\/wp\/v2\/pages\/2124\/revisions"}],"predecessor-version":[{"id":2225,"href":"https:\/\/www.defensordelpueblo.es\/gl\/wp-json\/wp\/v2\/pages\/2124\/revisions\/2225"}],"wp:featuredmedia":[{"embeddable":true,"href":"https:\/\/www.defensordelpueblo.es\/gl\/wp-json\/wp\/v2\/media\/2006"}],"wp:attachment":[{"href":"https:\/\/www.defensordelpueblo.es\/gl\/wp-json\/wp\/v2\/media?parent=2124"}],"curies":[{"name":"wp","href":"https:\/\/api.w.org\/{rel}","templated":true}]}}